{"id":178,"date":"2018-06-30T18:16:19","date_gmt":"2018-06-30T16:16:19","guid":{"rendered":"https:\/\/agronomossinfronteras.org\/contact\/"},"modified":"2023-11-20T11:52:15","modified_gmt":"2023-11-20T10:52:15","slug":"contact","status":"publish","type":"page","link":"https:\/\/agronomossinfronteras.org\/en\/contact\/","title":{"rendered":"Contact"},"content":{"rendered":"\t\t<div data-elementor-type=\"wp-post\" data-elementor-id=\"178\" class=\"elementor elementor-178 elementor-39\" data-elementor-post-type=\"page\">\n\t\t\t\t\t\t<section class=\"elementor-section elementor-inner-section elementor-element elementor-element-6c9a2f1b elementor-section-full_width elementor-section-height-default elementor-section-height-default\" data-id=\"6c9a2f1b\" data-element_type=\"section\" data-e-type=\"section\">\n\t\t\t\t\t\t<div class=\"elementor-container elementor-column-gap-no\">\n\t\t\t\t\t<div class=\"elementor-column elementor-col-50 elementor-inner-column elementor-element elementor-element-710d8c3e\" data-id=\"710d8c3e\" data-element_type=\"column\" data-e-type=\"column\">\n\t\t\t<div class=\"elementor-widget-wrap elementor-element-populated\">\n\t\t\t\t\t\t<div class=\"elementor-element elementor-element-61a75562 elementor-widget elementor-widget-heading\" data-id=\"61a75562\" data-element_type=\"widget\" data-e-type=\"widget\" data-widget_type=\"heading.default\">\n\t\t\t\t<div class=\"elementor-widget-container\">\n\t\t\t\t\t<h2 class=\"elementor-heading-title elementor-size-default\">Contact us<\/h2>\t\t\t\t<\/div>\n\t\t\t\t<\/div>\n\t\t\t\t<div class=\"elementor-element elementor-element-2bb18624 elementor-button-align-start elementor-widget elementor-widget-form\" data-id=\"2bb18624\" data-element_type=\"widget\" data-e-type=\"widget\" data-settings=\"{&quot;step_next_label&quot;:&quot;Next&quot;,&quot;step_previous_label&quot;:&quot;Previous&quot;,&quot;step_type&quot;:&quot;number_text&quot;,&quot;step_icon_shape&quot;:&quot;circle&quot;}\" data-widget_type=\"form.default\">\n\t\t\t\t<div class=\"elementor-widget-container\">\n\t\t\t\t\t\t\t<form class=\"elementor-form\" method=\"post\" name=\"ContactoForm\" aria-label=\"ContactoForm\">\n\t\t\t<input type=\"hidden\" name=\"post_id\" value=\"178\"\/>\n\t\t\t<input type=\"hidden\" name=\"form_id\" value=\"2bb18624\"\/>\n\t\t\t<input type=\"hidden\" name=\"referer_title\" value=\"Contact - Agr\u00f3nomos Sin Fronteras\" \/>\n\n\t\t\t\t\t\t\t<input type=\"hidden\" name=\"queried_id\" value=\"178\"\/>\n\t\t\t\n\t\t\t<div class=\"elementor-form-fields-wrapper elementor-labels-\">\n\t\t\t\t\t\t\t\t<div class=\"elementor-field-type-text elementor-field-group elementor-column elementor-field-group-name elementor-col-100\">\n\t\t\t\t\t\t\t\t\t\t\t\t<label for=\"form-field-name\" class=\"elementor-field-label elementor-screen-only\">\n\t\t\t\t\t\t\t\tName\t\t\t\t\t\t\t<\/label>\n\t\t\t\t\t\t\t\t\t\t\t\t\t\t<input size=\"1\" type=\"text\" name=\"form_fields[name]\" id=\"form-field-name\" class=\"elementor-field elementor-size-md  elementor-field-textual\" placeholder=\"Name\">\n\t\t\t\t\t\t\t\t\t\t\t<\/div>\n\t\t\t\t\t\t\t\t<div class=\"elementor-field-type-email elementor-field-group elementor-column elementor-field-group-email elementor-col-100 elementor-field-required\">\n\t\t\t\t\t\t\t\t\t\t\t\t<label for=\"form-field-email\" class=\"elementor-field-label elementor-screen-only\">\n\t\t\t\t\t\t\t\tEmail\t\t\t\t\t\t\t<\/label>\n\t\t\t\t\t\t\t\t\t\t\t\t\t\t<input size=\"1\" type=\"email\" name=\"form_fields[email]\" id=\"form-field-email\" class=\"elementor-field elementor-size-md  elementor-field-textual\" placeholder=\"Email\" required=\"required\">\n\t\t\t\t\t\t\t\t\t\t\t<\/div>\n\t\t\t\t\t\t\t\t<div class=\"elementor-field-type-textarea elementor-field-group elementor-column elementor-field-group-message elementor-col-100\">\n\t\t\t\t\t\t\t\t\t\t\t\t<label for=\"form-field-message\" class=\"elementor-field-label elementor-screen-only\">\n\t\t\t\t\t\t\t\tMessage\t\t\t\t\t\t\t<\/label>\n\t\t\t\t\t\t<textarea class=\"elementor-field-textual elementor-field  elementor-size-md\" name=\"form_fields[message]\" id=\"form-field-message\" rows=\"4\" placeholder=\"Message\"><\/textarea>\t\t\t\t<\/div>\n\t\t\t\t\t\t\t\t<div class=\"elementor-field-type-acceptance elementor-field-group elementor-column elementor-field-group-politica elementor-col-100 elementor-field-required\">\n\t\t\t\t\t\t\t\t\t\t\t\t<label for=\"form-field-politica\" class=\"elementor-field-label elementor-screen-only\">\n\t\t\t\t\t\t\t\tPrivacy Policy\t\t\t\t\t\t\t<\/label>\n\t\t\t\t\t\t\t\t<div class=\"elementor-field-subgroup\">\n\t\t\t<span class=\"elementor-field-option\">\n\t\t\t\t<input type=\"checkbox\" name=\"form_fields[politica]\" id=\"form-field-politica\" class=\"elementor-field elementor-size-md  elementor-acceptance-field\" required=\"required\">\n\t\t\t\t<label for=\"form-field-politica\">I have read and accept the <a href=\"https:\/\/agronomossinfronteras.org\/en\/legal-warning\/\" target=\"blank\">privacy Policy<\/a><\/label>\t\t\t<\/span>\n\t\t<\/div>\n\t\t\t\t\t\t<\/div>\n\t\t\t\t\t\t\t\t<div class=\"elementor-field-type-acceptance elementor-field-group elementor-column elementor-field-group-newsletter elementor-col-100\">\n\t\t\t\t\t\t\t\t\t\t\t\t<label for=\"form-field-newsletter\" class=\"elementor-field-label elementor-screen-only\">\n\t\t\t\t\t\t\t\tNewsletter\t\t\t\t\t\t\t<\/label>\n\t\t\t\t\t\t\t\t<div class=\"elementor-field-subgroup\">\n\t\t\t<span class=\"elementor-field-option\">\n\t\t\t\t<input type=\"checkbox\" name=\"form_fields[newsletter]\" id=\"form-field-newsletter\" class=\"elementor-field elementor-size-md  elementor-acceptance-field\">\n\t\t\t\t<label for=\"form-field-newsletter\">I wish to receive the newsletter of Agr\u00f3nomos Sin Fronteras<\/label>\t\t\t<\/span>\n\t\t<\/div>\n\t\t\t\t\t\t<\/div>\n\t\t\t\t\t\t\t\t<div class=\"elementor-field-type-recaptcha_v3 elementor-field-group elementor-column elementor-field-group-field_9c0514f elementor-col-100 recaptcha_v3-inline\">\n\t\t\t\t\t<div class=\"elementor-field\" id=\"form-field-field_9c0514f\"><div class=\"elementor-g-recaptcha\" data-sitekey=\"6LdMnRUpAAAAACKEWHVxgyF7s3Cmg_mhVxP6zIbf\" data-type=\"v3\" data-action=\"Form\" data-badge=\"inline\" data-size=\"invisible\"><\/div><\/div>\t\t\t\t<\/div>\n\t\t\t\t\t\t\t\t<div class=\"elementor-field-group elementor-column elementor-field-type-submit elementor-col-100 e-form__buttons\">\n\t\t\t\t\t<button class=\"elementor-button elementor-size-sm\" type=\"submit\">\n\t\t\t\t\t\t<span class=\"elementor-button-content-wrapper\">\n\t\t\t\t\t\t\t\t\t\t\t\t\t\t\t\t\t\t\t\t\t\t<span class=\"elementor-button-text\">Send<\/span>\n\t\t\t\t\t\t\t\t\t\t\t\t\t<\/span>\n\t\t\t\t\t<\/button>\n\t\t\t\t<\/div>\n\t\t\t<\/div>\n\t\t<\/form>\n\t\t\t\t\t\t<\/div>\n\t\t\t\t<\/div>\n\t\t\t\t\t<\/div>\n\t\t<\/div>\n\t\t\t\t<div class=\"elementor-column elementor-col-50 elementor-inner-column elementor-element elementor-element-1bed651f content\" data-id=\"1bed651f\" data-element_type=\"column\" data-e-type=\"column\" data-settings=\"{&quot;background_background&quot;:&quot;classic&quot;}\">\n\t\t\t<div class=\"elementor-widget-wrap elementor-element-populated\">\n\t\t\t\t\t\t<div class=\"elementor-element elementor-element-7222bb23 elementor-widget elementor-widget-heading\" data-id=\"7222bb23\" data-element_type=\"widget\" data-e-type=\"widget\" data-widget_type=\"heading.default\">\n\t\t\t\t<div class=\"elementor-widget-container\">\n\t\t\t\t\t<h2 class=\"elementor-heading-title elementor-size-default\">Where to find us<\/h2>\t\t\t\t<\/div>\n\t\t\t\t<\/div>\n\t\t\t\t<div class=\"elementor-element elementor-element-cce7e0e elementor-widget elementor-widget-spacer\" data-id=\"cce7e0e\" data-element_type=\"widget\" data-e-type=\"widget\" data-widget_type=\"spacer.default\">\n\t\t\t\t<div class=\"elementor-widget-container\">\n\t\t\t\t\t\t\t<div class=\"elementor-spacer\">\n\t\t\t<div class=\"elementor-spacer-inner\"><\/div>\n\t\t<\/div>\n\t\t\t\t\t\t<\/div>\n\t\t\t\t<\/div>\n\t\t\t\t<div class=\"elementor-element elementor-element-5dd64fb8 elementor-widget elementor-widget-heading\" data-id=\"5dd64fb8\" data-element_type=\"widget\" data-e-type=\"widget\" data-widget_type=\"heading.default\">\n\t\t\t\t<div class=\"elementor-widget-container\">\n\t\t\t\t\t<h4 class=\"elementor-heading-title elementor-size-default\">Agr\u00f3nomos Sin Fronteras Foundation<\/h4>\t\t\t\t<\/div>\n\t\t\t\t<\/div>\n\t\t\t\t<div class=\"elementor-element elementor-element-4a0a9ad8 elementor-widget elementor-widget-text-editor\" data-id=\"4a0a9ad8\" data-element_type=\"widget\" data-e-type=\"widget\" data-widget_type=\"text-editor.default\">\n\t\t\t\t<div class=\"elementor-widget-container\">\n\t\t\t\t\t\t\t\t\t<p>Escuela T\u00e9cnica Superior de Ingenier\u00eda Agron\u00f3mica, Alimentaria y de Biosistemas (ETSIAAB).<\/p>\n<p>Edificio Principal (Agr\u00f3nomos)<br \/>\nUniversidad Polit\u00e9cnica de Madrid (UPM)<br \/>\nAv. Puerta de Hierro 2<br \/>\n28040 Madrid.<\/p>\n<p><a href=\"mailto:info@agronomossinfronteras.org\">info@agronomossinfronteras.org<\/a><\/p>\n\t\t\t\t\t\t\t\t<\/div>\n\t\t\t\t<\/div>\n\t\t\t\t<div class=\"elementor-element elementor-element-c91629f elementor-widget elementor-widget-spacer\" data-id=\"c91629f\" data-element_type=\"widget\" data-e-type=\"widget\" data-widget_type=\"spacer.default\">\n\t\t\t\t<div class=\"elementor-widget-container\">\n\t\t\t\t\t\t\t<div class=\"elementor-spacer\">\n\t\t\t<div class=\"elementor-spacer-inner\"><\/div>\n\t\t<\/div>\n\t\t\t\t\t\t<\/div>\n\t\t\t\t<\/div>\n\t\t\t\t<div class=\"elementor-element elementor-element-1af1d2ec elementor-widget elementor-widget-google_maps\" data-id=\"1af1d2ec\" data-element_type=\"widget\" data-e-type=\"widget\" data-widget_type=\"google_maps.default\">\n\t\t\t\t<div class=\"elementor-widget-container\">\n\t\t\t\t\t\t\t<div class=\"elementor-custom-embed\">\n\t\t\t<iframe loading=\"lazy\"\n\t\t\t\t\tsrc=\"https:\/\/maps.google.com\/maps?q=%20D%C3%B3nde%20encontrarnos%E2%80%8B%20Fundaci%C3%B3n%20Agr%C3%B3nomos%20Sin%20Fronteras%20Escuela%20T%C3%A9cnica%20Superior%20de%20Ingenier%C3%ADa%20Agron%C3%B3mica%2C%20Alimentaria%20y%20de%20Biosistemas%20%28ETSIAAB%29.%20%20Edificio%20Principal%20%28Agr%C3%B3nomos%29%20Universidad%20Polit%C3%A9cnica%20de%20Madrid%20%28UPM%29%20Av.%20Puerta%20de%20Hierro%202%2028040%20Madrid&#038;t=m&#038;z=16&#038;output=embed&#038;iwloc=near\"\n\t\t\t\t\ttitle=\" D\u00f3nde encontrarnos\u200b Fundaci\u00f3n Agr\u00f3nomos Sin Fronteras Escuela T\u00e9cnica Superior de Ingenier\u00eda Agron\u00f3mica, Alimentaria y de Biosistemas (ETSIAAB).  Edificio Principal (Agr\u00f3nomos) Universidad Polit\u00e9cnica de Madrid (UPM) Av. Puerta de Hierro 2 28040 Madrid\"\n\t\t\t\t\taria-label=\" D\u00f3nde encontrarnos\u200b Fundaci\u00f3n Agr\u00f3nomos Sin Fronteras Escuela T\u00e9cnica Superior de Ingenier\u00eda Agron\u00f3mica, Alimentaria y de Biosistemas (ETSIAAB).  Edificio Principal (Agr\u00f3nomos) Universidad Polit\u00e9cnica de Madrid (UPM) Av. Puerta de Hierro 2 28040 Madrid\"\n\t\t\t><\/iframe>\n\t\t<\/div>\n\t\t\t\t\t\t<\/div>\n\t\t\t\t<\/div>\n\t\t\t\t\t<\/div>\n\t\t<\/div>\n\t\t\t\t\t<\/div>\n\t\t<\/section>\n\t\t\t\t<\/div>\n\t\t","protected":false},"excerpt":{"rendered":"<p>Contact us Where to find us Agr\u00f3nomos Sin Fronteras Foundation Escuela T\u00e9cnica Superior de Ingenier\u00eda Agron\u00f3mica, Alimentaria y de Biosistemas&#8230;<\/p>\n","protected":false},"author":1,"featured_media":0,"parent":0,"menu_order":60,"comment_status":"closed","ping_status":"closed","template":"page-1col.php","meta":{"footnotes":""},"class_list":["post-178","page","type-page","status-publish","hentry"],"yoast_head":"<!-- This site is optimized with the Yoast SEO plugin v26.9 - https:\/\/yoast.com\/product\/yoast-seo-wordpress\/ -->\n<title>Contact - Agr\u00f3nomos Sin Fronteras<\/title>\n<meta name=\"description\" content=\"Higher Technical School of Agronomic, Food and Biosystems Engineering (ETSIAAB). Main Building (Agronomists) Puerta de Hierro Av. 228040 Madrid.\" \/>\n<meta name=\"robots\" content=\"index, follow, max-snippet:-1, max-image-preview:large, max-video-preview:-1\" \/>\n<link rel=\"canonical\" href=\"https:\/\/agronomossinfronteras.org\/en\/contact\/\" \/>\n<meta property=\"og:locale\" content=\"en_US\" \/>\n<meta property=\"og:type\" content=\"article\" \/>\n<meta property=\"og:title\" content=\"Contact - Agr\u00f3nomos Sin Fronteras\" \/>\n<meta property=\"og:description\" content=\"Higher Technical School of Agronomic, Food and Biosystems Engineering (ETSIAAB). Main Building (Agronomists) Puerta de Hierro Av. 228040 Madrid.\" \/>\n<meta property=\"og:url\" content=\"https:\/\/agronomossinfronteras.org\/en\/contact\/\" \/>\n<meta property=\"og:site_name\" content=\"Agr\u00f3nomos Sin Fronteras\" \/>\n<meta property=\"article:modified_time\" content=\"2023-11-20T10:52:15+00:00\" \/>\n<meta property=\"og:image\" content=\"https:\/\/agronomossinfronteras.org\/wp-content\/uploads\/2018\/09\/FACE_ASF.jpg\" \/>\n\t<meta property=\"og:image:width\" content=\"1200\" \/>\n\t<meta property=\"og:image:height\" content=\"628\" \/>\n\t<meta property=\"og:image:type\" content=\"image\/jpeg\" \/>\n<meta name=\"twitter:card\" content=\"summary_large_image\" \/>\n<meta name=\"twitter:site\" content=\"@ASF_agro\" \/>\n<script type=\"application\/ld+json\" class=\"yoast-schema-graph\">{\"@context\":\"https:\/\/schema.org\",\"@graph\":[{\"@type\":\"WebPage\",\"@id\":\"https:\/\/agronomossinfronteras.org\/en\/contact\/\",\"url\":\"https:\/\/agronomossinfronteras.org\/en\/contact\/\",\"name\":\"Contact - Agr\u00f3nomos Sin Fronteras\",\"isPartOf\":{\"@id\":\"https:\/\/agronomossinfronteras.org\/en\/#website\"},\"datePublished\":\"2018-06-30T16:16:19+00:00\",\"dateModified\":\"2023-11-20T10:52:15+00:00\",\"description\":\"Higher Technical School of Agronomic, Food and Biosystems Engineering (ETSIAAB). Main Building (Agronomists) Puerta de Hierro Av. 228040 Madrid.\",\"breadcrumb\":{\"@id\":\"https:\/\/agronomossinfronteras.org\/en\/contact\/#breadcrumb\"},\"inLanguage\":\"en-US\",\"potentialAction\":[{\"@type\":\"ReadAction\",\"target\":[\"https:\/\/agronomossinfronteras.org\/en\/contact\/\"]}]},{\"@type\":\"BreadcrumbList\",\"@id\":\"https:\/\/agronomossinfronteras.org\/en\/contact\/#breadcrumb\",\"itemListElement\":[{\"@type\":\"ListItem\",\"position\":1,\"name\":\"Home\",\"item\":\"https:\/\/agronomossinfronteras.org\/en\/\"},{\"@type\":\"ListItem\",\"position\":2,\"name\":\"Contact\"}]},{\"@type\":\"WebSite\",\"@id\":\"https:\/\/agronomossinfronteras.org\/en\/#website\",\"url\":\"https:\/\/agronomossinfronteras.org\/en\/\",\"name\":\"Agr\u00f3nomos Sin Fronteras\",\"description\":\"Descubre Agronomos Sin Fronteras, una ONG cuyo objetivo es erradicar la pobreza aumentando la productividad agricola mediante la capacitacion agraria y el asociacionismo\",\"publisher\":{\"@id\":\"https:\/\/agronomossinfronteras.org\/en\/#organization\"},\"potentialAction\":[{\"@type\":\"SearchAction\",\"target\":{\"@type\":\"EntryPoint\",\"urlTemplate\":\"https:\/\/agronomossinfronteras.org\/en\/?s={search_term_string}\"},\"query-input\":{\"@type\":\"PropertyValueSpecification\",\"valueRequired\":true,\"valueName\":\"search_term_string\"}}],\"inLanguage\":\"en-US\"},{\"@type\":\"Organization\",\"@id\":\"https:\/\/agronomossinfronteras.org\/en\/#organization\",\"name\":\"Agr\u00f3nomos Sin Fronteras\",\"url\":\"https:\/\/agronomossinfronteras.org\/en\/\",\"logo\":{\"@type\":\"ImageObject\",\"inLanguage\":\"en-US\",\"@id\":\"https:\/\/agronomossinfronteras.org\/en\/#\/schema\/logo\/image\/\",\"url\":\"https:\/\/agronomossinfronteras.org\/wp-content\/uploads\/2018\/09\/favicon.jpg\",\"contentUrl\":\"https:\/\/agronomossinfronteras.org\/wp-content\/uploads\/2018\/09\/favicon.jpg\",\"width\":256,\"height\":256,\"caption\":\"Agr\u00f3nomos Sin Fronteras\"},\"image\":{\"@id\":\"https:\/\/agronomossinfronteras.org\/en\/#\/schema\/logo\/image\/\"},\"sameAs\":[\"https:\/\/x.com\/ASF_agro\",\"https:\/\/www.instagram.com\/agronomossinfronteras\/\",\"https:\/\/www.linkedin.com\/in\/agr\u00f3nomos-sin-fronteras-b0b9a598\/\",\"https:\/\/www.youtube.com\/channel\/UCpm6LO1OKjm-ZzJIJYAIxxA\"]}]}<\/script>\n<!-- \/ Yoast SEO plugin. -->","yoast_head_json":{"title":"Contact - Agr\u00f3nomos Sin Fronteras","description":"Higher Technical School of Agronomic, Food and Biosystems Engineering (ETSIAAB). Main Building (Agronomists) Puerta de Hierro Av. 228040 Madrid.","robots":{"index":"index","follow":"follow","max-snippet":"max-snippet:-1","max-image-preview":"max-image-preview:large","max-video-preview":"max-video-preview:-1"},"canonical":"https:\/\/agronomossinfronteras.org\/en\/contact\/","og_locale":"en_US","og_type":"article","og_title":"Contact - Agr\u00f3nomos Sin Fronteras","og_description":"Higher Technical School of Agronomic, Food and Biosystems Engineering (ETSIAAB). Main Building (Agronomists) Puerta de Hierro Av. 228040 Madrid.","og_url":"https:\/\/agronomossinfronteras.org\/en\/contact\/","og_site_name":"Agr\u00f3nomos Sin Fronteras","article_modified_time":"2023-11-20T10:52:15+00:00","og_image":[{"width":1200,"height":628,"url":"https:\/\/agronomossinfronteras.org\/wp-content\/uploads\/2018\/09\/FACE_ASF.jpg","type":"image\/jpeg"}],"twitter_card":"summary_large_image","twitter_site":"@ASF_agro","schema":{"@context":"https:\/\/schema.org","@graph":[{"@type":"WebPage","@id":"https:\/\/agronomossinfronteras.org\/en\/contact\/","url":"https:\/\/agronomossinfronteras.org\/en\/contact\/","name":"Contact - Agr\u00f3nomos Sin Fronteras","isPartOf":{"@id":"https:\/\/agronomossinfronteras.org\/en\/#website"},"datePublished":"2018-06-30T16:16:19+00:00","dateModified":"2023-11-20T10:52:15+00:00","description":"Higher Technical School of Agronomic, Food and Biosystems Engineering (ETSIAAB). Main Building (Agronomists) Puerta de Hierro Av. 228040 Madrid.","breadcrumb":{"@id":"https:\/\/agronomossinfronteras.org\/en\/contact\/#breadcrumb"},"inLanguage":"en-US","potentialAction":[{"@type":"ReadAction","target":["https:\/\/agronomossinfronteras.org\/en\/contact\/"]}]},{"@type":"BreadcrumbList","@id":"https:\/\/agronomossinfronteras.org\/en\/contact\/#breadcrumb","itemListElement":[{"@type":"ListItem","position":1,"name":"Home","item":"https:\/\/agronomossinfronteras.org\/en\/"},{"@type":"ListItem","position":2,"name":"Contact"}]},{"@type":"WebSite","@id":"https:\/\/agronomossinfronteras.org\/en\/#website","url":"https:\/\/agronomossinfronteras.org\/en\/","name":"Agr\u00f3nomos Sin Fronteras","description":"Descubre Agronomos Sin Fronteras, una ONG cuyo objetivo es erradicar la pobreza aumentando la productividad agricola mediante la capacitacion agraria y el asociacionismo","publisher":{"@id":"https:\/\/agronomossinfronteras.org\/en\/#organization"},"potentialAction":[{"@type":"SearchAction","target":{"@type":"EntryPoint","urlTemplate":"https:\/\/agronomossinfronteras.org\/en\/?s={search_term_string}"},"query-input":{"@type":"PropertyValueSpecification","valueRequired":true,"valueName":"search_term_string"}}],"inLanguage":"en-US"},{"@type":"Organization","@id":"https:\/\/agronomossinfronteras.org\/en\/#organization","name":"Agr\u00f3nomos Sin Fronteras","url":"https:\/\/agronomossinfronteras.org\/en\/","logo":{"@type":"ImageObject","inLanguage":"en-US","@id":"https:\/\/agronomossinfronteras.org\/en\/#\/schema\/logo\/image\/","url":"https:\/\/agronomossinfronteras.org\/wp-content\/uploads\/2018\/09\/favicon.jpg","contentUrl":"https:\/\/agronomossinfronteras.org\/wp-content\/uploads\/2018\/09\/favicon.jpg","width":256,"height":256,"caption":"Agr\u00f3nomos Sin Fronteras"},"image":{"@id":"https:\/\/agronomossinfronteras.org\/en\/#\/schema\/logo\/image\/"},"sameAs":["https:\/\/x.com\/ASF_agro","https:\/\/www.instagram.com\/agronomossinfronteras\/","https:\/\/www.linkedin.com\/in\/agr\u00f3nomos-sin-fronteras-b0b9a598\/","https:\/\/www.youtube.com\/channel\/UCpm6LO1OKjm-ZzJIJYAIxxA"]}]}},"_links":{"self":[{"href":"https:\/\/agronomossinfronteras.org\/en\/wp-json\/wp\/v2\/pages\/178","targetHints":{"allow":["GET"]}}],"collection":[{"href":"https:\/\/agronomossinfronteras.org\/en\/wp-json\/wp\/v2\/pages"}],"about":[{"href":"https:\/\/agronomossinfronteras.org\/en\/wp-json\/wp\/v2\/types\/page"}],"author":[{"embeddable":true,"href":"https:\/\/agronomossinfronteras.org\/en\/wp-json\/wp\/v2\/users\/1"}],"replies":[{"embeddable":true,"href":"https:\/\/agronomossinfronteras.org\/en\/wp-json\/wp\/v2\/comments?post=178"}],"version-history":[{"count":5,"href":"https:\/\/agronomossinfronteras.org\/en\/wp-json\/wp\/v2\/pages\/178\/revisions"}],"predecessor-version":[{"id":3492,"href":"https:\/\/agronomossinfronteras.org\/en\/wp-json\/wp\/v2\/pages\/178\/revisions\/3492"}],"wp:attachment":[{"href":"https:\/\/agronomossinfronteras.org\/en\/wp-json\/wp\/v2\/media?parent=178"}],"curies":[{"name":"wp","href":"https:\/\/api.w.org\/{rel}","templated":true}]}}